{"id":1703,"date":"2025-09-11T06:12:05","date_gmt":"2025-09-11T06:12:05","guid":{"rendered":"https:\/\/centric.lt\/?page_id=1703"},"modified":"2025-10-10T07:01:22","modified_gmt":"2025-10-10T07:01:22","slug":"industrijos","status":"publish","type":"page","link":"https:\/\/centric.lt\/lt\/industrijos\/","title":{"rendered":"Industrijos"},"content":{"rendered":"\r\n<section data-section=\"heroV4Component\" class=\"md:pt-44 pt-24 pb-24 bg-linear-green\">\r\n    <div class=\"container max-w-[1370px] lg:px-[60px] px-5\">\r\n        <div class=\"flex flex-col items-center gap-7\">\r\n            \r\n    \r\n            <h1 class=\"lg:text-6xl\/[1.1em] sm:text-[42px]\/[1.1em] text-[38px]\/[1.1em] text-black text-center\" data-split=\"words\" data-animate=\"blur-in\">\r\n            Industrijos        <\/h1>\r\n    \r\n    \r\n            \r\n\r\n                <div data-animation=\"fade-in\">\r\n                            <\/div>\r\n            <div data=\"scroll-down-part\" data-animation=\"fade-in\">\r\n                <div class=\"relative w-11 h-11 flex items-center justify-center opacity-60 hover:opacity-100 transition-opacity duration-300 ease-in-out group\">\r\n                    <div class=\"absolute w-full h-full group-hover:scale-125 transition-transform duration-500 ease-in-out\">\r\n                        <svg class=\"absolute w-full h-full\"\r\n                             viewBox=\"0 0 100 100\" overflow=\"visible\">\r\n                            <path id=\"curve-1kgxgfe\" d=\"M 0 50 L 0 50 A 1 1 0 1 0 100 50 L 100 50 A 1 1 0 1 0 0 50 L 0 50\"\r\n                                  stroke-width=\"none\" fill=\"#000000\" fill-opacity=\"0\"><\/path>\r\n                            <text>\r\n                                <textPath href=\"#curve-1kgxgfe\" startOffset=\"0\" dominant-baseline=\"Hanging\"\r\n                                          style=\"font-family: Inter, sans-serif; font-size: 16px; font-style: normal; font-weight: 900; letter-spacing: 0em; line-height: 1em; word-spacing: 0px; fill: #009a45;\"\r\n                                          fill=\"#009a45\">. . . . . . . . . . . . . . . . . . . . . . . . . . . . . . . . . .\r\n                                    . .\r\n                                    . .\r\n                                <\/textPath>\r\n                            <\/text>\r\n                        <\/svg>\r\n                    <\/div>\r\n                    <img decoding=\"async\" class=\"rotate-90\"\r\n                         src=\"https:\/\/centric.lt\/wp-content\/themes\/wam\/assets\/static\/arrowrightgreen.svg\"\r\n                         alt=\"Arrow Icon\" class=\"rotate-[135deg]\">\r\n                <\/div>\r\n\r\n            <\/div>\r\n        <\/div>\r\n    <\/div>\r\n<\/section>\r\n\n\n\r\n<section data-section=\"servicesComponent\" class=\"relative\">\r\n            <div class=\"absolute top-0 left-0 w-full h-full bg-linear-green-upsdwn\"><\/div>\r\n        <div class=\"bg-white md:py-24 py-10 md:rounded-t-[40px] rounded-t-2xl relative \">\r\n        <div class=\"container max-w-[1370px] lg:px-[60px] px-5\">\r\n            <div class=\"flex flex-col gap-14\">\r\n                                                <div class=\"grid lg:grid-cols-3 md:grid-cols-2 grid-cols-1 gap-4 lg:items-start\">\r\n                                        \r\n                                        <a href=\"\/lt\/industrijos\/energetika\/\"                        class=\"flex bg-white shadow-soft md:rounded-[32px] rounded-2xl p-2.5 md:min-h-[425px] min-h-[300px] border border-[#efefef] card group\"\r\n                       data-animate=\"fade-in\">\r\n                        \r\n                            <div class=\"relative w-full md:rounded-3xl rounded-xl overflow-hidden flex-grow\">\r\n                                <img loading=\"lazy\" decoding=\"async\" width=\"2560\" height=\"1695\" src=\"https:\/\/centric.lt\/wp-content\/uploads\/2026\/02\/zbynek-burival-V4ZYJZJ3W4M-unsplash-scaled.webp\" class=\"absolute top-0 left-0 w-full h-full object-cover\" alt=\"\" srcset=\"https:\/\/centric.lt\/wp-content\/uploads\/2026\/02\/zbynek-burival-V4ZYJZJ3W4M-unsplash-scaled.webp 2560w, https:\/\/centric.lt\/wp-content\/uploads\/2026\/02\/zbynek-burival-V4ZYJZJ3W4M-unsplash-300x199.webp 300w, https:\/\/centric.lt\/wp-content\/uploads\/2026\/02\/zbynek-burival-V4ZYJZJ3W4M-unsplash-1024x678.webp 1024w, https:\/\/centric.lt\/wp-content\/uploads\/2026\/02\/zbynek-burival-V4ZYJZJ3W4M-unsplash-768x509.webp 768w, https:\/\/centric.lt\/wp-content\/uploads\/2026\/02\/zbynek-burival-V4ZYJZJ3W4M-unsplash-1536x1017.webp 1536w, https:\/\/centric.lt\/wp-content\/uploads\/2026\/02\/zbynek-burival-V4ZYJZJ3W4M-unsplash-2048x1356.webp 2048w\" sizes=\"auto, (max-width: 2560px) 100vw, 2560px\" \/>                                <div class=\"absolute top-0 left-0 w-full h-full bg-linear-gray \"><\/div>\r\n                                <div class=\"relative flex flex-col justify-between gap-5 w-full h-full px-5 py-6 pb-8\">\r\n                                    <div class=\"flex justify-end w-full\">\r\n                                        <div class=\"w-9 h-9 rounded-full bg-green flex items-center justify-center invisible group-hover:visible\">\r\n                                            <img decoding=\"async\" src=\"https:\/\/centric.lt\/wp-content\/themes\/wam\/assets\/static\/arrow-up-right.svg\"\r\n                                                 alt=\"Arrow Icon\" class=\"w-5 h-5 mx-auto\">\r\n                                        <\/div>\r\n                                    <\/div>\r\n                                    <div class=\"accordion\">\r\n                                        <div class=\"accordion__header\">\r\n                                            \r\n    \r\n    \r\n    \r\n                <h4 class=\"text-2xl\/[1.3em] text-left text-white\">\r\n            Energetika        <\/h4>\r\n        \r\n\r\n                                            <\/div>\r\n                                        <div class=\"accordion__content\">\r\n                                            <div class=\"pt-5 flex flex-col gap-5\">\r\n                                                \r\n        <div class=\"md:text-base text-sm flex flex-col gap-5\r\n        [&#038;_p]:tracking-[-0.02em]\r\n        \/* Lists *\/\r\n        [&#038;_ul]:flex [&#038;_ul]:flex-col [&#038;_ul]:gap-2.5\r\n        [&#038;_li]:pl-[18px] [&#038;_li]:relative\r\n        [&#038;_li::after]:content-[''] [&#038;_li::after]:mt-2\r\n        [&#038;_li::after]:absolute [&#038;_li::after]:top-0\r\n        [&#038;_li::after]:left-0 [&#038;_li::after]:w-2.5\r\n        [&#038;_li::after]:h-2.5 [&#038;_li::after]:rounded-full\r\n        [&#038;_li::after]:bg-black\r\n        \/* Headings *\/\r\n        [&#038;_h1]:text-[44px] [&#038;_h1]:font-bold [&#038;_h1]:leading-[50px] [&#038;_h1]:tracking-[-1px]\r\n        [&#038;_h2]:text-[35px] [&#038;_h2]:font-semibold [&#038;_h2]:leading-[40px] [&#038;_h2]:tracking-[-0.8px]\r\n        [&#038;_h3]:text-[28px] [&#038;_h3]:font-medium [&#038;_h3]:leading-[32px] [&#038;_h3]:tracking-[-0.6px]\r\n        text-white text-[13px]\/[1.4]\">\r\n        Kuriame IT sprendimus, kurie\u00a0padeda energetikos operatoriams saugiai valdyti gamyb\u0105 ir kaupim\u0105, atitikti reguliavim\u0105 ir automatizuoti kasdienius procesus.    <\/div>\r\n\r\n                                                <\/div>\r\n                                        <\/div>\r\n                                    <\/div>\r\n                                <\/div>\r\n                            <\/div>\r\n\r\n                                                <\/a>\r\n                    \r\n            \r\n                                        <a href=\"https:\/\/centric.lt\/lt\/industrijos\/logistika\/\"                        class=\"flex bg-white shadow-soft md:rounded-[32px] rounded-2xl p-2.5 md:min-h-[425px] min-h-[300px] border border-[#efefef] card group\"\r\n                       data-animate=\"fade-in\">\r\n                        \r\n                            <div class=\"relative w-full md:rounded-3xl rounded-xl overflow-hidden flex-grow\">\r\n                                <img loading=\"lazy\" decoding=\"async\" width=\"2560\" height=\"1438\" src=\"https:\/\/centric.lt\/wp-content\/uploads\/2025\/09\/pexels-tomfisk-1427107-scaled.webp\" class=\"absolute top-0 left-0 w-full h-full object-cover\" alt=\"\" srcset=\"https:\/\/centric.lt\/wp-content\/uploads\/2025\/09\/pexels-tomfisk-1427107-scaled.webp 2560w, https:\/\/centric.lt\/wp-content\/uploads\/2025\/09\/pexels-tomfisk-1427107-300x168.webp 300w, https:\/\/centric.lt\/wp-content\/uploads\/2025\/09\/pexels-tomfisk-1427107-1024x575.webp 1024w, https:\/\/centric.lt\/wp-content\/uploads\/2025\/09\/pexels-tomfisk-1427107-768x431.webp 768w, https:\/\/centric.lt\/wp-content\/uploads\/2025\/09\/pexels-tomfisk-1427107-1536x863.webp 1536w, https:\/\/centric.lt\/wp-content\/uploads\/2025\/09\/pexels-tomfisk-1427107-2048x1150.webp 2048w\" sizes=\"auto, (max-width: 2560px) 100vw, 2560px\" \/>                                <div class=\"absolute top-0 left-0 w-full h-full bg-linear-gray \"><\/div>\r\n                                <div class=\"relative flex flex-col justify-between gap-5 w-full h-full px-5 py-6 pb-8\">\r\n                                    <div class=\"flex justify-end w-full\">\r\n                                        <div class=\"w-9 h-9 rounded-full bg-green flex items-center justify-center invisible group-hover:visible\">\r\n                                            <img decoding=\"async\" src=\"https:\/\/centric.lt\/wp-content\/themes\/wam\/assets\/static\/arrow-up-right.svg\"\r\n                                                 alt=\"Arrow Icon\" class=\"w-5 h-5 mx-auto\">\r\n                                        <\/div>\r\n                                    <\/div>\r\n                                    <div class=\"accordion\">\r\n                                        <div class=\"accordion__header\">\r\n                                            \r\n    \r\n    \r\n    \r\n                <h4 class=\"text-2xl\/[1.3em] text-left text-white\">\r\n            Logistika        <\/h4>\r\n        \r\n\r\n                                            <\/div>\r\n                                        <div class=\"accordion__content\">\r\n                                            <div class=\"pt-5 flex flex-col gap-5\">\r\n                                                \r\n        <div class=\"md:text-base text-sm flex flex-col gap-5\r\n        [&#038;_p]:tracking-[-0.02em]\r\n        \/* Lists *\/\r\n        [&#038;_ul]:flex [&#038;_ul]:flex-col [&#038;_ul]:gap-2.5\r\n        [&#038;_li]:pl-[18px] [&#038;_li]:relative\r\n        [&#038;_li::after]:content-[''] [&#038;_li::after]:mt-2\r\n        [&#038;_li::after]:absolute [&#038;_li::after]:top-0\r\n        [&#038;_li::after]:left-0 [&#038;_li::after]:w-2.5\r\n        [&#038;_li::after]:h-2.5 [&#038;_li::after]:rounded-full\r\n        [&#038;_li::after]:bg-black\r\n        \/* Headings *\/\r\n        [&#038;_h1]:text-[44px] [&#038;_h1]:font-bold [&#038;_h1]:leading-[50px] [&#038;_h1]:tracking-[-1px]\r\n        [&#038;_h2]:text-[35px] [&#038;_h2]:font-semibold [&#038;_h2]:leading-[40px] [&#038;_h2]:tracking-[-0.8px]\r\n        [&#038;_h3]:text-[28px] [&#038;_h3]:font-medium [&#038;_h3]:leading-[32px] [&#038;_h3]:tracking-[-0.6px]\r\n        text-white text-[13px]\/[1.4]\">\r\n        Nuo mar\u0161rut\u0173 optimizavimo iki numatomosios analiz\u0117s \u2013 kuriame logistikai pritaikytas technologijas, kurios didina efektyvum\u0105, matomum\u0105 ir pristatymo na\u0161um\u0105.    <\/div>\r\n\r\n                                                <\/div>\r\n                                        <\/div>\r\n                                    <\/div>\r\n                                <\/div>\r\n                            <\/div>\r\n\r\n                                                <\/a>\r\n                    \r\n            \r\n                                        <a href=\"https:\/\/centric.lt\/lt\/industrijos\/finansai\/\"                        class=\"flex bg-white shadow-soft md:rounded-[32px] rounded-2xl p-2.5 md:min-h-[425px] min-h-[300px] border border-[#efefef] card group\"\r\n                       data-animate=\"fade-in\">\r\n                        \r\n                            <div class=\"relative w-full md:rounded-3xl rounded-xl overflow-hidden flex-grow\">\r\n                                <img loading=\"lazy\" decoding=\"async\" width=\"1200\" height=\"840\" src=\"https:\/\/centric.lt\/wp-content\/uploads\/2025\/09\/Collaborative-Workspace.webp\" class=\"absolute top-0 left-0 w-full h-full object-cover\" alt=\"\" srcset=\"https:\/\/centric.lt\/wp-content\/uploads\/2025\/09\/Collaborative-Workspace.webp 1200w, https:\/\/centric.lt\/wp-content\/uploads\/2025\/09\/Collaborative-Workspace-300x210.webp 300w, https:\/\/centric.lt\/wp-content\/uploads\/2025\/09\/Collaborative-Workspace-1024x717.webp 1024w, https:\/\/centric.lt\/wp-content\/uploads\/2025\/09\/Collaborative-Workspace-768x538.webp 768w\" sizes=\"auto, (max-width: 1200px) 100vw, 1200px\" \/>                                <div class=\"absolute top-0 left-0 w-full h-full bg-linear-gray \"><\/div>\r\n                                <div class=\"relative flex flex-col justify-between gap-5 w-full h-full px-5 py-6 pb-8\">\r\n                                    <div class=\"flex justify-end w-full\">\r\n                                        <div class=\"w-9 h-9 rounded-full bg-green flex items-center justify-center invisible group-hover:visible\">\r\n                                            <img decoding=\"async\" src=\"https:\/\/centric.lt\/wp-content\/themes\/wam\/assets\/static\/arrow-up-right.svg\"\r\n                                                 alt=\"Arrow Icon\" class=\"w-5 h-5 mx-auto\">\r\n                                        <\/div>\r\n                                    <\/div>\r\n                                    <div class=\"accordion\">\r\n                                        <div class=\"accordion__header\">\r\n                                            \r\n    \r\n    \r\n    \r\n                <h4 class=\"text-2xl\/[1.3em] text-left text-white\">\r\n            Finansai        <\/h4>\r\n        \r\n\r\n                                            <\/div>\r\n                                        <div class=\"accordion__content\">\r\n                                            <div class=\"pt-5 flex flex-col gap-5\">\r\n                                                \r\n        <div class=\"md:text-base text-sm flex flex-col gap-5\r\n        [&#038;_p]:tracking-[-0.02em]\r\n        \/* Lists *\/\r\n        [&#038;_ul]:flex [&#038;_ul]:flex-col [&#038;_ul]:gap-2.5\r\n        [&#038;_li]:pl-[18px] [&#038;_li]:relative\r\n        [&#038;_li::after]:content-[''] [&#038;_li::after]:mt-2\r\n        [&#038;_li::after]:absolute [&#038;_li::after]:top-0\r\n        [&#038;_li::after]:left-0 [&#038;_li::after]:w-2.5\r\n        [&#038;_li::after]:h-2.5 [&#038;_li::after]:rounded-full\r\n        [&#038;_li::after]:bg-black\r\n        \/* Headings *\/\r\n        [&#038;_h1]:text-[44px] [&#038;_h1]:font-bold [&#038;_h1]:leading-[50px] [&#038;_h1]:tracking-[-1px]\r\n        [&#038;_h2]:text-[35px] [&#038;_h2]:font-semibold [&#038;_h2]:leading-[40px] [&#038;_h2]:tracking-[-0.8px]\r\n        [&#038;_h3]:text-[28px] [&#038;_h3]:font-medium [&#038;_h3]:leading-[32px] [&#038;_h3]:tracking-[-0.6px]\r\n        text-white text-[13px]\/[1.4]\">\r\n        Technologija \u2013 tai tik \u012frankis. Kuriame dirbtiniu intelektu paremtus, saugius ir reikalavimus atitinkan\u010dius sprendimus, kurie suteikia ap\u010diuopiam\u0173 rezultat\u0173.    <\/div>\r\n\r\n                                                <\/div>\r\n                                        <\/div>\r\n                                    <\/div>\r\n                                <\/div>\r\n                            <\/div>\r\n\r\n                                                <\/a>\r\n                    \r\n            \r\n                                        <a href=\"https:\/\/centric.lt\/lt\/industrijos\/gamyba\/\"                        class=\"flex bg-white shadow-soft md:rounded-[32px] rounded-2xl p-2.5 md:min-h-[425px] min-h-[300px] border border-[#efefef] card group\"\r\n                       data-animate=\"fade-in\">\r\n                        \r\n                            <div class=\"relative w-full md:rounded-3xl rounded-xl overflow-hidden flex-grow\">\r\n                                <img loading=\"lazy\" decoding=\"async\" width=\"1000\" height=\"667\" src=\"https:\/\/centric.lt\/wp-content\/uploads\/2025\/09\/AdobeStock_275429538_Preview.webp\" class=\"absolute top-0 left-0 w-full h-full object-cover\" alt=\"\" srcset=\"https:\/\/centric.lt\/wp-content\/uploads\/2025\/09\/AdobeStock_275429538_Preview.webp 1000w, https:\/\/centric.lt\/wp-content\/uploads\/2025\/09\/AdobeStock_275429538_Preview-300x200.webp 300w, https:\/\/centric.lt\/wp-content\/uploads\/2025\/09\/AdobeStock_275429538_Preview-768x512.webp 768w\" sizes=\"auto, (max-width: 1000px) 100vw, 1000px\" \/>                                <div class=\"absolute top-0 left-0 w-full h-full bg-linear-gray \"><\/div>\r\n                                <div class=\"relative flex flex-col justify-between gap-5 w-full h-full px-5 py-6 pb-8\">\r\n                                    <div class=\"flex justify-end w-full\">\r\n                                        <div class=\"w-9 h-9 rounded-full bg-green flex items-center justify-center invisible group-hover:visible\">\r\n                                            <img decoding=\"async\" src=\"https:\/\/centric.lt\/wp-content\/themes\/wam\/assets\/static\/arrow-up-right.svg\"\r\n                                                 alt=\"Arrow Icon\" class=\"w-5 h-5 mx-auto\">\r\n                                        <\/div>\r\n                                    <\/div>\r\n                                    <div class=\"accordion\">\r\n                                        <div class=\"accordion__header\">\r\n                                            \r\n    \r\n    \r\n    \r\n                <h4 class=\"text-2xl\/[1.3em] text-left text-white\">\r\n            Gamyba        <\/h4>\r\n        \r\n\r\n                                            <\/div>\r\n                                        <div class=\"accordion__content\">\r\n                                            <div class=\"pt-5 flex flex-col gap-5\">\r\n                                                \r\n        <div class=\"md:text-base text-sm flex flex-col gap-5\r\n        [&#038;_p]:tracking-[-0.02em]\r\n        \/* Lists *\/\r\n        [&#038;_ul]:flex [&#038;_ul]:flex-col [&#038;_ul]:gap-2.5\r\n        [&#038;_li]:pl-[18px] [&#038;_li]:relative\r\n        [&#038;_li::after]:content-[''] [&#038;_li::after]:mt-2\r\n        [&#038;_li::after]:absolute [&#038;_li::after]:top-0\r\n        [&#038;_li::after]:left-0 [&#038;_li::after]:w-2.5\r\n        [&#038;_li::after]:h-2.5 [&#038;_li::after]:rounded-full\r\n        [&#038;_li::after]:bg-black\r\n        \/* Headings *\/\r\n        [&#038;_h1]:text-[44px] [&#038;_h1]:font-bold [&#038;_h1]:leading-[50px] [&#038;_h1]:tracking-[-1px]\r\n        [&#038;_h2]:text-[35px] [&#038;_h2]:font-semibold [&#038;_h2]:leading-[40px] [&#038;_h2]:tracking-[-0.8px]\r\n        [&#038;_h3]:text-[28px] [&#038;_h3]:font-medium [&#038;_h3]:leading-[32px] [&#038;_h3]:tracking-[-0.6px]\r\n        text-white text-[13px]\/[1.4]\">\r\n        Kuriame sprendimus, kurie suvienija sistemas, automatizuoja procesus ir apsaugo veikl\u0105, u\u017etikrindami tvar\u0173 efektyvum\u0105.    <\/div>\r\n\r\n                                                <\/div>\r\n                                        <\/div>\r\n                                    <\/div>\r\n                                <\/div>\r\n                            <\/div>\r\n\r\n                                                <\/a>\r\n                    \r\n                                    \r\n        \r\n    <\/div>\r\n    <\/div>\r\n    <\/div>\r\n    <\/div>\r\n<\/section>\r\n","protected":false},"excerpt":{"rendered":"","protected":false},"author":1,"featured_media":0,"parent":0,"menu_order":0,"comment_status":"closed","ping_status":"closed","template":"","meta":{"_acf_changed":false,"inline_featured_image":false,"footnotes":""},"class_list":["post-1703","page","type-page","status-publish","hentry"],"acf":[],"_links":{"self":[{"href":"https:\/\/centric.lt\/lt\/wp-json\/wp\/v2\/pages\/1703","targetHints":{"allow":["GET"]}}],"collection":[{"href":"https:\/\/centric.lt\/lt\/wp-json\/wp\/v2\/pages"}],"about":[{"href":"https:\/\/centric.lt\/lt\/wp-json\/wp\/v2\/types\/page"}],"author":[{"embeddable":true,"href":"https:\/\/centric.lt\/lt\/wp-json\/wp\/v2\/users\/1"}],"replies":[{"embeddable":true,"href":"https:\/\/centric.lt\/lt\/wp-json\/wp\/v2\/comments?post=1703"}],"version-history":[{"count":3,"href":"https:\/\/centric.lt\/lt\/wp-json\/wp\/v2\/pages\/1703\/revisions"}],"predecessor-version":[{"id":1742,"href":"https:\/\/centric.lt\/lt\/wp-json\/wp\/v2\/pages\/1703\/revisions\/1742"}],"wp:attachment":[{"href":"https:\/\/centric.lt\/lt\/wp-json\/wp\/v2\/media?parent=1703"}],"curies":[{"name":"wp","href":"https:\/\/api.w.org\/{rel}","templated":true}]}}