{"id":923,"date":"2025-08-08T06:19:41","date_gmt":"2025-08-08T06:19:41","guid":{"rendered":"http:\/\/centric.lt\/kontaktai\/"},"modified":"2025-10-09T06:50:29","modified_gmt":"2025-10-09T06:50:29","slug":"kontaktai","status":"publish","type":"page","link":"https:\/\/centric.lt\/lt\/kontaktai\/","title":{"rendered":"Kontaktai"},"content":{"rendered":"\r\n<section data-section=\"contactsComponent\" class=\"md:pt-44 pt-24 pb-24\">\r\n    <div class=\"container max-w-[1370px] md:px-[60px] px-5\">\r\n        <div class=\"flex flex-col md:gap-14 gap-10\">\r\n            <div class=\"flex flex-wrap md:flex-row flex-col md:items-end md:gap-10 gap-5\">\r\n                <div class=\"flex-1\">\r\n                    \r\n    \r\n            <h1 class=\"lg:text-6xl\/[1.1em] sm:text-[42px]\/[1.1em] text-[38px]\/[1.1em] text-black\" data-split=\"words\" data-animate=\"blur-in\">\r\n            Pasikalb\u0117kime apie<br><green>j\u016bs\u0173 projekt\u0105<\/green>        <\/h1>\r\n    \r\n    \r\n            \r\n\r\n                    <\/div>\r\n                <div class=\"flex-[0.7]\" data-animation=\"fade-in\">\r\n                    \r\n        <div class=\"md:text-base text-sm flex flex-col gap-5\r\n        [&#038;_p]:tracking-[-0.02em]\r\n        \/* Lists *\/\r\n        [&#038;_ul]:flex [&#038;_ul]:flex-col [&#038;_ul]:gap-2.5\r\n        [&#038;_li]:pl-[18px] [&#038;_li]:relative\r\n        [&#038;_li::after]:content-[''] [&#038;_li::after]:mt-2\r\n        [&#038;_li::after]:absolute [&#038;_li::after]:top-0\r\n        [&#038;_li::after]:left-0 [&#038;_li::after]:w-2.5\r\n        [&#038;_li::after]:h-2.5 [&#038;_li::after]:rounded-full\r\n        [&#038;_li::after]:bg-black\r\n        \/* Headings *\/\r\n        [&#038;_h1]:text-[44px] [&#038;_h1]:font-bold [&#038;_h1]:leading-[50px] [&#038;_h1]:tracking-[-1px]\r\n        [&#038;_h2]:text-[35px] [&#038;_h2]:font-semibold [&#038;_h2]:leading-[40px] [&#038;_h2]:tracking-[-0.8px]\r\n        [&#038;_h3]:text-[28px] [&#038;_h3]:font-medium [&#038;_h3]:leading-[32px] [&#038;_h3]:tracking-[-0.6px]\r\n        text-black\">\r\n        <p>Turite id\u0117j\u0105, ie\u0161kote sprendimo ar tiesiog patarimo?<br \/>Mes pasiruo\u0161\u0119 pad\u0117ti.<\/p>\n    <\/div>\r\n\r\n                    <\/div>\r\n            <\/div>\r\n            <div class=\"flex md:flex-row flex-col gap-5\" data-animation=\"fade-in\">\r\n                <div class=\"flex-1 flex flex-col gap-5\">\r\n                    <div class=\"md:p-12 p-5 md:rounded-[20px] rounded-2xl border border-[#efefef] bg-linear-green\">\r\n                        <div class=\"flex flex-col gap-10\">\r\n                            <div class=\"w-12 h-12 shadow-soft rounded-md border border-[#efefef] flex items-center justify-center\">\r\n                                <img decoding=\"async\"\r\n                                     src=\"https:\/\/centric.lt\/wp-content\/themes\/wam\/assets\/static\/chat.svg\"\r\n                                     alt=\"Contacts Icon\" class=\"w-6 h-6\">\r\n                            <\/div>\r\n                            <div class=\"flex flex-col items-start gap-5\">\r\n                                \r\n    \r\n    \r\n    \r\n                <h4 class=\"text-2xl\/[1.3em] text-black\">\r\n            Centric IT Solutions Lithuania        <\/h4>\r\n        \r\n\r\n                                    <a href=\"mailto:info.LT@centric.eu\" class=\"hover:opacity-60 transition-all duration-300 ease-in-out\">info.LT@centric.eu<\/a>\r\n                                <a href=\"tel:+370 617 37 158\" class=\"hover:opacity-60 transition-all duration-300 ease-in-out\">+370 617 37 158<\/a>\r\n                                <a href=\"https:\/\/www.google.com\/maps\/place\/Jonavos+g.+7,+Kaunas,+44263+Kauno+m.+sav.\/@54.9035423,23.895913,498m\/data=!3m1!1e3!4m6!3m5!1s0x46e722082483408b:0x13f5f3cd8593c0bd!8m2!3d54.9046645!4d23.8975194!16s%2Fg%2F11ffkszlx_?entry=ttu&#038;g_ep=EgoyMDI1MDkwMy4wIKXMDSoASAFQAw%3D%3D\" target=\"\" class=\"hover:opacity-60 transition-all duration-300 ease-in-out\" rel=\"noopener\">Jonavos g. 7, Kaunas <\/a>\r\n                            <\/div>\r\n                        <\/div>\r\n                    <\/div>\r\n                    <div class=\"md:p-12 p-5 md:rounded-[20px] rounded-2xl border border-[#efefef] bg-linear-green\">\r\n                        <div class=\"flex flex-col gap-10\">\r\n                            \r\n    \r\n    \r\n    \r\n                <h4 class=\"text-2xl\/[1.3em] text-black\">\r\n            Susisiekite        <\/h4>\r\n        \r\n\r\n                                <div class=\"flex flex-wrap gap-10 items-center\">\r\n                                <div class=\"max-w-[178px] w-full flex-shrink-0 min-h-[188px] relative rounded-2xl overflow-hidden\">\r\n                                    <img decoding=\"async\" width=\"1155\" height=\"1334\" src=\"https:\/\/centric.lt\/wp-content\/uploads\/2025\/09\/centric_Rokas.webp\" class=\"w-full h-full object-cover absolute top-0 left-0\" alt=\"\" loading=\"lazy\" srcset=\"https:\/\/centric.lt\/wp-content\/uploads\/2025\/09\/centric_Rokas.webp 1155w, https:\/\/centric.lt\/wp-content\/uploads\/2025\/09\/centric_Rokas-260x300.webp 260w, https:\/\/centric.lt\/wp-content\/uploads\/2025\/09\/centric_Rokas-887x1024.webp 887w, https:\/\/centric.lt\/wp-content\/uploads\/2025\/09\/centric_Rokas-768x887.webp 768w\" sizes=\"auto, (max-width: 1155px) 100vw, 1155px\" \/>                                <\/div>\r\n                                <div class=\"flex-1 flex flex-col items-start gap-3.5\">\r\n                                                                            <p class=\"font-semibold text-xl\">Rokas Urbonas<\/p>\r\n                                                                                                                <p>Pardavim\u0173 vadovas<\/p>\r\n                                    \r\n                                    <a href=\"mailto:rokas.urbonas@centric.eu\">rokas.urbonas@centric.eu<\/a>\r\n                                    <a href=\"https:\/\/www.linkedin.com\/in\/rokas-urbonas-8a6a441b0\/\" target=\"_blank\" rel=\"noopener\">LinkedIn<\/a>\r\n                                                                    <\/div>\r\n                            <\/div>\r\n                        <\/div>\r\n                    <\/div>\r\n                <\/div>\r\n                <div class=\"flex-1\">\r\n                    <div class=\"md:p-12 p-5 md:rounded-[20px] rounded-2xl border border-[#efefef] bg-linear-green\">\r\n                        <!-- Form Container -->\r\n                        <form id=\"consultation-form\"\r\n                              class=\"space-y-5\"\r\n                              method=\"post\"\r\n                              novalidate\r\n                              hx-post=\"https:\/\/centric.lt\/wp-admin\/admin-ajax.php\"\r\n                              hx-target=\"#consultation-msg\"\r\n                              hx-swap=\"innerHTML\"\r\n                              hx-disabled-elt=\"button[type=submit]\">\r\n\r\n                            <!-- Name -->\r\n                            <div class=\"space-y-2\">\r\n                                <label for=\"name\" class=\"block text-base text-black\">Vardas<\/label>\r\n                                <input\r\n                                        id=\"name\"\r\n                                        name=\"name\"\r\n                                        type=\"text\"\r\n                                        placeholder=\"\u012eveskite savo vard\u0105\"\r\n                                        required\r\n                                        class=\"w-full resize-y rounded-lg border border-[#efefef] bg-white px-3 py-4 text-sm\/[1.2em] text-black placeholder:text-sm\/[1.2em] placeholder:text-gray-400 focus:outline-none\"\r\n                                \/>\r\n                                <p id=\"name-error\" class=\"text-xs text-red-600 hidden\"><\/p>\r\n                            <\/div>\r\n\r\n                            <!-- Business Email -->\r\n                            <div class=\"space-y-2\">\r\n                                <label for=\"email\" class=\"block text-base text-black\">Verslo el. pa\u0161tas<\/label>\r\n                                <input\r\n                                        id=\"email\"\r\n                                        name=\"email\"\r\n                                        type=\"email\"\r\n                                        placeholder=\"\u012eveskite el. pa\u0161t\u0105\"\r\n                                        required\r\n                                        autocomplete=\"email\"\r\n                                        inputmode=\"email\"\r\n                                        class=\"w-full resize-y rounded-lg border border-[#efefef] bg-white px-3 py-4 text-sm\/[1.2em] text-black placeholder:text-sm\/[1.2em] placeholder:text-gray-400 focus:outline-none\"\r\n                                \/>\r\n                                <p id=\"email-error\" class=\"text-xs text-red-600 hidden\"><\/p>\r\n                            <\/div>\r\n\r\n                            <!-- Phone (Optional) -->\r\n                            <div class=\"space-y-2\">\r\n                                <label for=\"phone\" class=\"block text-base text-black\">Telefonas (neprivaloma)<\/label>\r\n                                <input\r\n                                        id=\"phone\"\r\n                                        name=\"phone\"\r\n                                        type=\"tel\"\r\n                                        placeholder=\"+370 617 37 158\"\r\n                                        inputmode=\"tel\"\r\n                                        class=\"w-full resize-y rounded-lg border border-[#efefef] bg-white px-3 py-4 text-sm\/[1.2em] text-black placeholder:text-sm\/[1.2em] placeholder:text-gray-400 focus:outline-none\"\r\n                                \/>\r\n                                <p id=\"phone-error\" class=\"text-xs text-red-600 hidden\"><\/p>\r\n                            <\/div>\r\n\r\n                            <!-- Your Role (Optional) -->\r\n                            <div class=\"space-y-2\">\r\n                                <label for=\"role\" class=\"block text-base text-black\">J\u016bs\u0173 pareigos (neprivaloma)<\/label>\r\n                                <input\r\n                                        id=\"role\"\r\n                                        name=\"role\"\r\n                                        type=\"text\"\r\n                                        placeholder=\"IT, Operacijos, Vadyba ir kt.\"\r\n                                        class=\"w-full resize-y rounded-lg border border-[#efefef] bg-white px-3 py-4 text-sm\/[1.2em] text-black placeholder:text-sm\/[1.2em] placeholder:text-gray-400 focus:outline-none\"\r\n                                \/>\r\n                            <\/div>\r\n\r\n                            <div class=\"space-y-2\">\r\n                                <label for=\"message\" class=\"block text-base text-black\">\u017dinut\u0117<\/label>\r\n                                <textarea\r\n                                        id=\"message\"\r\n                                        name=\"message\"\r\n                                        rows=\"6\"\r\n                                        placeholder=\"Papasakokite \u0161iek tiek apie savo projekt\u0105 ar su kokiais i\u0161\u0161\u016bkiais susiduriate...\"\r\n                                        class=\"w-full resize-y rounded-lg border border-[#efefef] bg-white px-3 py-4 text-sm\/[1.2em] text-black placeholder:text-sm\/[1.2em] placeholder:text-gray-400 focus:outline-none\"\r\n                                ><\/textarea>\r\n                            <\/div>\r\n\r\n                            <!-- Disclaimer -->\r\n                            <p class=\"text-[13px] leading-relaxed text-black\">\r\n                                Spustel\u0117dami \u201eU\u017esisakyti konsultacij\u0105\u201c patvirtinate, kad perskait\u0117te privatumo prane\u0161im\u0105 ir sutinkate, jog \u201eCentric\u201c su jumis susisiekt\u0173 el. pa\u0161tu arba telefonu.                            <\/p>\r\n\r\n                            <!-- Submit -->\r\n                            <button\r\n                                    type=\"submit\"\r\n                                    class=\"bg-transparent py-2 pl-5 pr-3 rounded-[32px] md:text-base text-sm group overflow-hidden relative\"\r\n                            >\r\n        <span class=\"flex items-center gap-3.5\">\r\n            <span class=\"relative transition-all duration-500 ease-in-out z-30 pb-1\r\n                         [@media(hover:hover)_and_(pointer:fine)]:group-hover:text-white\">\r\n                U\u017esisakyti konsultacij\u0105            <\/span>\r\n            <span class=\"w-9 h-9 flex items-center justify-center relative\">\r\n                <span class=\"absolute top-0 left-0 w-full h-full bg-green rounded-full z-20\r\n                             transition-all duration-700 ease-in-out\r\n                             [@media(hover:hover)_and_(pointer:fine)]:group-hover:scale-[20]\"><\/span>\r\n                <img decoding=\"async\" class=\"w-5 relative z-30 transition-all duration-700 ease-in-out\r\n                           [@media(hover:hover)_and_(pointer:fine)]:group-hover:rotate-45\"\r\n                     src=\"https:\/\/centric.lt\/wp-content\/themes\/wam\/assets\/static\/arrow-up-right.svg\"\r\n                     alt=\"Rodykl\u0117s de\u0161in\u0117n piktograma\">\r\n            <\/span>\r\n            <span class=\"absolute top-0 left-0 w-full h-full rounded-[32px] border border-black z-10\"><\/span>\r\n        <\/span>\r\n                            <\/button>\r\n\r\n                            <!-- htmx will inject the server response here -->\r\n                            <div id=\"consultation-msg\" class=\"text-sm\" aria-live=\"polite\"><\/div>\r\n\r\n                            <!-- WP AJAX plumbing -->\r\n                            <input type=\"hidden\" name=\"action\" value=\"centric_request_consultation\">\r\n                            <input type=\"hidden\" name=\"_wpnonce\" value=\"3162178b6e\">\r\n\r\n                            <!-- simple honeypot (should stay empty) -->\r\n                            <input type=\"text\" name=\"company\" class=\"hidden\" tabindex=\"-1\" autocomplete=\"off\">\r\n                        <\/form>\r\n\r\n\r\n\r\n\r\n                    <\/div>\r\n                <\/div>\r\n            <\/div>\r\n        <\/div>\r\n    <\/div>\r\n<\/section>\r\n","protected":false},"excerpt":{"rendered":"","protected":false},"author":1,"featured_media":0,"parent":0,"menu_order":0,"comment_status":"closed","ping_status":"closed","template":"","meta":{"_acf_changed":false,"inline_featured_image":false,"footnotes":""},"class_list":["post-923","page","type-page","status-publish","hentry"],"acf":[],"_links":{"self":[{"href":"https:\/\/centric.lt\/lt\/wp-json\/wp\/v2\/pages\/923","targetHints":{"allow":["GET"]}}],"collection":[{"href":"https:\/\/centric.lt\/lt\/wp-json\/wp\/v2\/pages"}],"about":[{"href":"https:\/\/centric.lt\/lt\/wp-json\/wp\/v2\/types\/page"}],"author":[{"embeddable":true,"href":"https:\/\/centric.lt\/lt\/wp-json\/wp\/v2\/users\/1"}],"replies":[{"embeddable":true,"href":"https:\/\/centric.lt\/lt\/wp-json\/wp\/v2\/comments?post=923"}],"version-history":[{"count":3,"href":"https:\/\/centric.lt\/lt\/wp-json\/wp\/v2\/pages\/923\/revisions"}],"predecessor-version":[{"id":1748,"href":"https:\/\/centric.lt\/lt\/wp-json\/wp\/v2\/pages\/923\/revisions\/1748"}],"wp:attachment":[{"href":"https:\/\/centric.lt\/lt\/wp-json\/wp\/v2\/media?parent=923"}],"curies":[{"name":"wp","href":"https:\/\/api.w.org\/{rel}","templated":true}]}}